{"id":730,"date":"2021-08-18T20:02:17","date_gmt":"2021-08-18T20:02:17","guid":{"rendered":"https:\/\/www.pamq.org\/funding\/"},"modified":"2023-04-03T13:23:12","modified_gmt":"2023-04-03T18:23:12","slug":"funding","status":"publish","type":"page","link":"https:\/\/www.pamq.org\/en\/funding\/","title":{"rendered":"Funding"},"content":{"rendered":"\t\t<div data-elementor-type=\"wp-post\" data-elementor-id=\"730\" class=\"elementor elementor-730 elementor-126\" data-elementor-post-type=\"page\">\n\t\t\t\t\t\t<section class=\"elementor-section elementor-top-section elementor-element elementor-element-1a884f9 elementor-section-boxed elementor-section-height-default elementor-section-height-default\" data-id=\"1a884f9\" data-element_type=\"section\" data-e-type=\"section\">\n\t\t\t\t\t\t<div class=\"elementor-container elementor-column-gap-default\">\n\t\t\t\t\t<div class=\"elementor-column elementor-col-100 elementor-top-column elementor-element elementor-element-b14c746\" data-id=\"b14c746\" data-element_type=\"column\" data-e-type=\"column\">\n\t\t\t<div class=\"elementor-widget-wrap elementor-element-populated\">\n\t\t\t\t\t\t<div class=\"elementor-element elementor-element-6cebcf8 elementor-widget elementor-widget-heading\" data-id=\"6cebcf8\" data-element_type=\"widget\" data-e-type=\"widget\" data-widget_type=\"heading.default\">\n\t\t\t\t<div class=\"elementor-widget-container\">\n\t\t\t\t\t<h1 class=\"elementor-heading-title elementor-size-default\">The QPHP\u2019s <br>funding<\/h1>\t\t\t\t<\/div>\n\t\t\t\t<\/div>\n\t\t\t\t<div class=\"elementor-element elementor-element-7ea82ed elementor-widget elementor-widget-text-editor\" data-id=\"7ea82ed\" data-element_type=\"widget\" data-e-type=\"widget\" data-widget_type=\"text-editor.default\">\n\t\t\t\t<div class=\"elementor-widget-container\">\n\t\t\t\t\t\t\t\t\t<p>The QPHP is an independent not for profit organization. It is mainly funded through grants, partner contributions and proceeds from its fundraising activities.<\/p>\t\t\t\t\t\t\t\t<\/div>\n\t\t\t\t<\/div>\n\t\t\t\t\t<\/div>\n\t\t<\/div>\n\t\t\t\t\t<\/div>\n\t\t<\/section>\n\t\t\t\t<section class=\"elementor-section elementor-top-section elementor-element elementor-element-24c8dca elementor-section-boxed elementor-section-height-default elementor-section-height-default\" data-id=\"24c8dca\" data-element_type=\"section\" data-e-type=\"section\">\n\t\t\t\t\t\t<div class=\"elementor-container elementor-column-gap-default\">\n\t\t\t\t\t<div class=\"elementor-column elementor-col-50 elementor-top-column elementor-element elementor-element-f2453b5\" data-id=\"f2453b5\" data-element_type=\"column\" data-e-type=\"column\">\n\t\t\t<div class=\"elementor-widget-wrap elementor-element-populated\">\n\t\t\t\t\t\t<div class=\"elementor-element elementor-element-c1126d3 elementor-widget elementor-widget-heading\" data-id=\"c1126d3\" data-element_type=\"widget\" data-e-type=\"widget\" data-widget_type=\"heading.default\">\n\t\t\t\t<div class=\"elementor-widget-container\">\n\t\t\t\t\t<h2 class=\"elementor-heading-title elementor-size-default\">Grants<\/h2>\t\t\t\t<\/div>\n\t\t\t\t<\/div>\n\t\t\t\t<div class=\"elementor-element elementor-element-b31b333 elementor-widget elementor-widget-text-editor\" data-id=\"b31b333\" data-element_type=\"widget\" data-e-type=\"widget\" data-widget_type=\"text-editor.default\">\n\t\t\t\t<div class=\"elementor-widget-container\">\n\t\t\t\t\t\t\t\t\t<p>The F\u00e9d\u00e9ration des m\u00e9decins omnipraticiens du Qu\u00e9bec, the F\u00e9d\u00e9ration des m\u00e9decins sp\u00e9cialistes du Qu\u00e9bec and the F\u00e9d\u00e9ration des m\u00e9decins r\u00e9sidents du Qu\u00e9bec individually negotiate with the Minist\u00e8re de la Sant\u00e9 et des Services sociaux for a grant earmarked for the QPHP within their budget allowance.<\/p>\n\t\t\t\t\t\t\t\t<\/div>\n\t\t\t\t<\/div>\n\t\t\t\t\t<\/div>\n\t\t<\/div>\n\t\t\t\t<div class=\"elementor-column elementor-col-50 elementor-top-column elementor-element elementor-element-ada87ef\" data-id=\"ada87ef\" data-element_type=\"column\" data-e-type=\"column\">\n\t\t\t<div class=\"elementor-widget-wrap\">\n\t\t\t\t\t\t\t<\/div>\n\t\t<\/div>\n\t\t\t\t\t<\/div>\n\t\t<\/section>\n\t\t\t\t<section class=\"elementor-section elementor-top-section elementor-element elementor-element-794cbf4 elementor-section-boxed elementor-section-height-default elementor-section-height-default\" data-id=\"794cbf4\" data-element_type=\"section\" data-e-type=\"section\">\n\t\t\t\t\t\t<div class=\"elementor-container elementor-column-gap-default\">\n\t\t\t\t\t<div class=\"elementor-column elementor-col-50 elementor-top-column elementor-element elementor-element-ff58997\" data-id=\"ff58997\" data-element_type=\"column\" data-e-type=\"column\">\n\t\t\t<div class=\"elementor-widget-wrap\">\n\t\t\t\t\t\t\t<\/div>\n\t\t<\/div>\n\t\t\t\t<div class=\"elementor-column elementor-col-50 elementor-top-column elementor-element elementor-element-962ca10\" data-id=\"962ca10\" data-element_type=\"column\" data-e-type=\"column\">\n\t\t\t<div class=\"elementor-widget-wrap elementor-element-populated\">\n\t\t\t\t\t\t<div class=\"elementor-element elementor-element-60407d1 elementor-widget elementor-widget-heading\" data-id=\"60407d1\" data-element_type=\"widget\" data-e-type=\"widget\" data-widget_type=\"heading.default\">\n\t\t\t\t<div class=\"elementor-widget-container\">\n\t\t\t\t\t<h2 class=\"elementor-heading-title elementor-size-default\">Contributions<\/h2>\t\t\t\t<\/div>\n\t\t\t\t<\/div>\n\t\t\t\t<div class=\"elementor-element elementor-element-26c44fa elementor-widget elementor-widget-text-editor\" data-id=\"26c44fa\" data-element_type=\"widget\" data-e-type=\"widget\" data-widget_type=\"text-editor.default\">\n\t\t\t\t<div class=\"elementor-widget-container\">\n\t\t\t\t\t\t\t\t\t<p>Some of the QPHP&#8217;s partner organizations choose to contribute funds collected through their membership fees. The amount of this contribution is set at the discretion of each organization and varies from year to year.<\/p>\n\t\t\t\t\t\t\t\t<\/div>\n\t\t\t\t<\/div>\n\t\t\t\t\t<\/div>\n\t\t<\/div>\n\t\t\t\t\t<\/div>\n\t\t<\/section>\n\t\t\t\t<section class=\"elementor-section elementor-top-section elementor-element elementor-element-8ff30fc elementor-section-boxed elementor-section-height-default elementor-section-height-default\" data-id=\"8ff30fc\" data-element_type=\"section\" data-e-type=\"section\">\n\t\t\t\t\t\t<div class=\"elementor-container elementor-column-gap-default\">\n\t\t\t\t\t<div class=\"elementor-column elementor-col-50 elementor-top-column elementor-element elementor-element-3cc6881\" data-id=\"3cc6881\" data-element_type=\"column\" data-e-type=\"column\">\n\t\t\t<div class=\"elementor-widget-wrap elementor-element-populated\">\n\t\t\t\t\t\t<div class=\"elementor-element elementor-element-8ce6667 elementor-widget elementor-widget-heading\" data-id=\"8ce6667\" data-element_type=\"widget\" data-e-type=\"widget\" data-widget_type=\"heading.default\">\n\t\t\t\t<div class=\"elementor-widget-container\">\n\t\t\t\t\t<h2 class=\"elementor-heading-title elementor-size-default\">Donations<\/h2>\t\t\t\t<\/div>\n\t\t\t\t<\/div>\n\t\t\t\t<div class=\"elementor-element elementor-element-9812965 elementor-widget elementor-widget-text-editor\" data-id=\"9812965\" data-element_type=\"widget\" data-e-type=\"widget\" data-widget_type=\"text-editor.default\">\n\t\t\t\t<div class=\"elementor-widget-container\">\n\t\t\t\t\t\t\t\t\t<p>Since 2004, the QPHP Foundation had been securing a significant portion of the QPHP\u2019s revenue through donations it received, particularly from fundraising events. At an extraordinary general meeting in September 2022, it was decided to dissolve the Foundation to facilitate the management of these events. Since April 1, 2023, the QPHP, as a charitable organization, has been responsible for collecting the donations it receives.<\/p>\t\t\t\t\t\t\t\t<\/div>\n\t\t\t\t<\/div>\n\t\t\t\t\t<\/div>\n\t\t<\/div>\n\t\t\t\t<div class=\"elementor-column elementor-col-50 elementor-top-column elementor-element elementor-element-217a6c6\" data-id=\"217a6c6\" data-element_type=\"column\" data-e-type=\"column\">\n\t\t\t<div class=\"elementor-widget-wrap\">\n\t\t\t\t\t\t\t<\/div>\n\t\t<\/div>\n\t\t\t\t\t<\/div>\n\t\t<\/section>\n\t\t\t\t<section class=\"elementor-section elementor-top-section elementor-element elementor-element-f82da88 elementor-section-boxed elementor-section-height-default elementor-section-height-default\" data-id=\"f82da88\" data-element_type=\"section\" data-e-type=\"section\">\n\t\t\t\t\t\t<div class=\"elementor-container elementor-column-gap-default\">\n\t\t\t\t\t<div class=\"elementor-column elementor-col-100 elementor-top-column elementor-element elementor-element-747ad28\" data-id=\"747ad28\" data-element_type=\"column\" data-e-type=\"column\">\n\t\t\t<div class=\"elementor-widget-wrap elementor-element-populated\">\n\t\t\t\t\t\t<div class=\"elementor-element elementor-element-13a4a13 elementor-absolute elementor-widget elementor-widget-image\" data-id=\"13a4a13\" data-element_type=\"widget\" data-e-type=\"widget\" data-settings=\"{&quot;_position&quot;:&quot;absolute&quot;}\" data-widget_type=\"image.default\">\n\t\t\t\t<div class=\"elementor-widget-container\">\n\t\t\t\t\t\t\t\t\t\t\t\t\t\t\t<img fetchpriority=\"high\" decoding=\"async\" width=\"5806\" height=\"364\" src=\"https:\/\/www.pamq.org\/wp-content\/uploads\/2021\/08\/Artboard-1.svg\" class=\"attachment-large size-large wp-image-372\" alt=\"\" \/>\t\t\t\t\t\t\t\t\t\t\t\t\t\t\t<\/div>\n\t\t\t\t<\/div>\n\t\t\t\t\t<\/div>\n\t\t<\/div>\n\t\t\t\t\t<\/div>\n\t\t<\/section>\n\t\t\t\t<section class=\"elementor-section elementor-top-section elementor-element elementor-element-073d63f elementor-section-boxed elementor-section-height-default elementor-section-height-default\" data-id=\"073d63f\" data-element_type=\"section\" data-e-type=\"section\">\n\t\t\t\t\t\t<div class=\"elementor-container elementor-column-gap-default\">\n\t\t\t\t\t<div class=\"elementor-column elementor-col-100 elementor-top-column elementor-element elementor-element-04925db\" data-id=\"04925db\" data-element_type=\"column\" data-e-type=\"column\">\n\t\t\t<div class=\"elementor-widget-wrap elementor-element-populated\">\n\t\t\t\t\t\t<div class=\"elementor-element elementor-element-37f765d elementor-widget elementor-widget-text-editor\" data-id=\"37f765d\" data-element_type=\"widget\" data-e-type=\"widget\" data-widget_type=\"text-editor.default\">\n\t\t\t\t<div class=\"elementor-widget-container\">\n\t\t\t\t\t\t\t\t\t<p><span style=\"color: #808080;\"><strong>See our latest <a href=\"https:\/\/www.pamq.org\/wp-content\/uploads\/2022\/11\/Rapport-Annuel_2021-22_PAMQ.pdf\"><span style=\"text-decoration: underline;\"><span style=\"color: #29b3e1; text-decoration: underline;\">annual report<\/span><\/span><\/a>\u00a0for more information on our funding.<\/strong><\/span><\/p><p><span style=\"color: #808080;\"><a style=\"color: #808080;\" href=\"https:\/\/www.pamq.org\/en\/make-a-donation\/\"><strong>Discover the <span style=\"color: #29b3e1;\"><u>QPHP Foundation<\/u><\/span><\/strong><\/a><\/span><\/p>\t\t\t\t\t\t\t\t<\/div>\n\t\t\t\t<\/div>\n\t\t\t\t\t<\/div>\n\t\t<\/div>\n\t\t\t\t\t<\/div>\n\t\t<\/section>\n\t\t\t\t<section class=\"elementor-section elementor-top-section elementor-element elementor-element-fbd7a34 elementor-section-boxed elementor-section-height-default elementor-section-height-default\" data-id=\"fbd7a34\" data-element_type=\"section\" data-e-type=\"section\" data-settings=\"{&quot;background_background&quot;:&quot;classic&quot;}\">\n\t\t\t\t\t\t<div class=\"elementor-container elementor-column-gap-default\">\n\t\t\t\t\t<div class=\"elementor-column elementor-col-100 elementor-top-column elementor-element elementor-element-5ce0d0a\" data-id=\"5ce0d0a\" data-element_type=\"column\" data-e-type=\"column\">\n\t\t\t<div class=\"elementor-widget-wrap elementor-element-populated\">\n\t\t\t\t\t\t<div class=\"elementor-element elementor-element-c60e519 elementor-widget elementor-widget-heading\" data-id=\"c60e519\" data-element_type=\"widget\" data-e-type=\"widget\" data-widget_type=\"heading.default\">\n\t\t\t\t<div class=\"elementor-widget-container\">\n\t\t\t\t\t<p class=\"elementor-heading-title elementor-size-default\">Why are counselling services free of charge?<\/p>\t\t\t\t<\/div>\n\t\t\t\t<\/div>\n\t\t\t\t<div class=\"elementor-element elementor-element-70b9560 elementor-widget elementor-widget-text-editor\" data-id=\"70b9560\" data-element_type=\"widget\" data-e-type=\"widget\" data-widget_type=\"text-editor.default\">\n\t\t\t\t<div class=\"elementor-widget-container\">\n\t\t\t\t\t\t\t\t\t<p>Physicians who are facing a difficult situation tend to delay seeking help. Providing free counselling services removes a barrier to consultation, allowing distress calls to be handled quickly. This also helps to establish a peer-to-peer relationship between two colleagues, in keeping with the spirit of peer support.<\/p>\n\t\t\t\t\t\t\t\t<\/div>\n\t\t\t\t<\/div>\n\t\t\t\t\t<\/div>\n\t\t<\/div>\n\t\t\t\t\t<\/div>\n\t\t<\/section>\n\t\t\t\t<\/div>\n\t\t","protected":false},"excerpt":{"rendered":"<p>The QPHP\u2019s funding The QPHP is an independent not for profit organization. It is mainly funded through grants, partner contributions and proceeds from its fundraising activities. Grants The F\u00e9d\u00e9ration des m\u00e9decins omnipraticiens du Qu\u00e9bec, the F\u00e9d\u00e9ration des m\u00e9decins sp\u00e9cialistes du Qu\u00e9bec and the F\u00e9d\u00e9ration des m\u00e9decins r\u00e9sidents du Qu\u00e9bec individually negotiate with the Minist\u00e8re de [&hellip;]<\/p>\n","protected":false},"author":4,"featured_media":0,"parent":0,"menu_order":0,"comment_status":"closed","ping_status":"closed","template":"","meta":{"footnotes":"","_links_to":"","_links_to_target":""},"class_list":["post-730","page","type-page","status-publish","hentry"],"yoast_head":"<!-- This site is optimized with the Yoast SEO plugin v27.1.1 - https:\/\/yoast.com\/product\/yoast-seo-wordpress\/ -->\n<title>Funding - PAMQ<\/title>\n<meta name=\"robots\" content=\"index, follow, max-snippet:-1, max-image-preview:large, max-video-preview:-1\" \/>\n<link rel=\"canonical\" href=\"https:\/\/www.pamq.org\/en\/funding\/\" \/>\n<meta property=\"og:locale\" content=\"en_US\" \/>\n<meta property=\"og:type\" content=\"article\" \/>\n<meta property=\"og:title\" content=\"Funding - PAMQ\" \/>\n<meta property=\"og:description\" content=\"The QPHP\u2019s funding The QPHP is an independent not for profit organization. It is mainly funded through grants, partner contributions and proceeds from its fundraising activities. Grants The F\u00e9d\u00e9ration des m\u00e9decins omnipraticiens du Qu\u00e9bec, the F\u00e9d\u00e9ration des m\u00e9decins sp\u00e9cialistes du Qu\u00e9bec and the F\u00e9d\u00e9ration des m\u00e9decins r\u00e9sidents du Qu\u00e9bec individually negotiate with the Minist\u00e8re de [&hellip;]\" \/>\n<meta property=\"og:url\" content=\"https:\/\/www.pamq.org\/en\/funding\/\" \/>\n<meta property=\"og:site_name\" content=\"PAMQ\" \/>\n<meta property=\"article:publisher\" content=\"https:\/\/www.facebook.com\/santedesmds\/\" \/>\n<meta property=\"article:modified_time\" content=\"2023-04-03T18:23:12+00:00\" \/>\n<meta property=\"og:image\" content=\"https:\/\/www.pamq.org\/wp-content\/uploads\/2021\/08\/Artboard-1.svg\" \/>\n<meta name=\"twitter:card\" content=\"summary_large_image\" \/>\n<meta name=\"twitter:label1\" content=\"Est. reading time\" \/>\n\t<meta name=\"twitter:data1\" content=\"2 minutes\" \/>\n<script type=\"application\/ld+json\" class=\"yoast-schema-graph\">{\"@context\":\"https:\/\/schema.org\",\"@graph\":[{\"@type\":\"WebPage\",\"@id\":\"https:\/\/www.pamq.org\/en\/funding\/\",\"url\":\"https:\/\/www.pamq.org\/en\/funding\/\",\"name\":\"Funding - PAMQ\",\"isPartOf\":{\"@id\":\"https:\/\/www.pamq.org\/en\/#website\"},\"primaryImageOfPage\":{\"@id\":\"https:\/\/www.pamq.org\/en\/funding\/#primaryimage\"},\"image\":{\"@id\":\"https:\/\/www.pamq.org\/en\/funding\/#primaryimage\"},\"thumbnailUrl\":\"https:\/\/www.pamq.org\/wp-content\/uploads\/2021\/08\/Artboard-1.svg\",\"datePublished\":\"2021-08-18T20:02:17+00:00\",\"dateModified\":\"2023-04-03T18:23:12+00:00\",\"breadcrumb\":{\"@id\":\"https:\/\/www.pamq.org\/en\/funding\/#breadcrumb\"},\"inLanguage\":\"en-US\",\"potentialAction\":[{\"@type\":\"ReadAction\",\"target\":[\"https:\/\/www.pamq.org\/en\/funding\/\"]}]},{\"@type\":\"ImageObject\",\"inLanguage\":\"en-US\",\"@id\":\"https:\/\/www.pamq.org\/en\/funding\/#primaryimage\",\"url\":\"https:\/\/www.pamq.org\/wp-content\/uploads\/2021\/08\/Artboard-1.svg\",\"contentUrl\":\"https:\/\/www.pamq.org\/wp-content\/uploads\/2021\/08\/Artboard-1.svg\"},{\"@type\":\"BreadcrumbList\",\"@id\":\"https:\/\/www.pamq.org\/en\/funding\/#breadcrumb\",\"itemListElement\":[{\"@type\":\"ListItem\",\"position\":1,\"name\":\"Accueil\",\"item\":\"https:\/\/www.pamq.org\/en\/\"},{\"@type\":\"ListItem\",\"position\":2,\"name\":\"Funding\"}]},{\"@type\":\"WebSite\",\"@id\":\"https:\/\/www.pamq.org\/en\/#website\",\"url\":\"https:\/\/www.pamq.org\/en\/\",\"name\":\"PAMQ\",\"description\":\"\",\"publisher\":{\"@id\":\"https:\/\/www.pamq.org\/en\/#organization\"},\"potentialAction\":[{\"@type\":\"SearchAction\",\"target\":{\"@type\":\"EntryPoint\",\"urlTemplate\":\"https:\/\/www.pamq.org\/en\/?s={search_term_string}\"},\"query-input\":{\"@type\":\"PropertyValueSpecification\",\"valueRequired\":true,\"valueName\":\"search_term_string\"}}],\"inLanguage\":\"en-US\"},{\"@type\":\"Organization\",\"@id\":\"https:\/\/www.pamq.org\/en\/#organization\",\"name\":\"PAMQ\",\"url\":\"https:\/\/www.pamq.org\/en\/\",\"logo\":{\"@type\":\"ImageObject\",\"inLanguage\":\"en-US\",\"@id\":\"https:\/\/www.pamq.org\/en\/#\/schema\/logo\/image\/\",\"url\":\"https:\/\/www.pamq.org\/wp-content\/uploads\/2021\/08\/logo-pamq.png\",\"contentUrl\":\"https:\/\/www.pamq.org\/wp-content\/uploads\/2021\/08\/logo-pamq.png\",\"width\":244,\"height\":65,\"caption\":\"PAMQ\"},\"image\":{\"@id\":\"https:\/\/www.pamq.org\/en\/#\/schema\/logo\/image\/\"},\"sameAs\":[\"https:\/\/www.facebook.com\/santedesmds\/\",\"https:\/\/www.linkedin.com\/company\/pamq\"]}]}<\/script>\n<!-- \/ Yoast SEO plugin. -->","yoast_head_json":{"title":"Funding - PAMQ","robots":{"index":"index","follow":"follow","max-snippet":"max-snippet:-1","max-image-preview":"max-image-preview:large","max-video-preview":"max-video-preview:-1"},"canonical":"https:\/\/www.pamq.org\/en\/funding\/","og_locale":"en_US","og_type":"article","og_title":"Funding - PAMQ","og_description":"The QPHP\u2019s funding The QPHP is an independent not for profit organization. It is mainly funded through grants, partner contributions and proceeds from its fundraising activities. Grants The F\u00e9d\u00e9ration des m\u00e9decins omnipraticiens du Qu\u00e9bec, the F\u00e9d\u00e9ration des m\u00e9decins sp\u00e9cialistes du Qu\u00e9bec and the F\u00e9d\u00e9ration des m\u00e9decins r\u00e9sidents du Qu\u00e9bec individually negotiate with the Minist\u00e8re de [&hellip;]","og_url":"https:\/\/www.pamq.org\/en\/funding\/","og_site_name":"PAMQ","article_publisher":"https:\/\/www.facebook.com\/santedesmds\/","article_modified_time":"2023-04-03T18:23:12+00:00","og_image":[{"url":"https:\/\/www.pamq.org\/wp-content\/uploads\/2021\/08\/Artboard-1.svg","type":"","width":"","height":""}],"twitter_card":"summary_large_image","twitter_misc":{"Est. reading time":"2 minutes"},"schema":{"@context":"https:\/\/schema.org","@graph":[{"@type":"WebPage","@id":"https:\/\/www.pamq.org\/en\/funding\/","url":"https:\/\/www.pamq.org\/en\/funding\/","name":"Funding - PAMQ","isPartOf":{"@id":"https:\/\/www.pamq.org\/en\/#website"},"primaryImageOfPage":{"@id":"https:\/\/www.pamq.org\/en\/funding\/#primaryimage"},"image":{"@id":"https:\/\/www.pamq.org\/en\/funding\/#primaryimage"},"thumbnailUrl":"https:\/\/www.pamq.org\/wp-content\/uploads\/2021\/08\/Artboard-1.svg","datePublished":"2021-08-18T20:02:17+00:00","dateModified":"2023-04-03T18:23:12+00:00","breadcrumb":{"@id":"https:\/\/www.pamq.org\/en\/funding\/#breadcrumb"},"inLanguage":"en-US","potentialAction":[{"@type":"ReadAction","target":["https:\/\/www.pamq.org\/en\/funding\/"]}]},{"@type":"ImageObject","inLanguage":"en-US","@id":"https:\/\/www.pamq.org\/en\/funding\/#primaryimage","url":"https:\/\/www.pamq.org\/wp-content\/uploads\/2021\/08\/Artboard-1.svg","contentUrl":"https:\/\/www.pamq.org\/wp-content\/uploads\/2021\/08\/Artboard-1.svg"},{"@type":"BreadcrumbList","@id":"https:\/\/www.pamq.org\/en\/funding\/#breadcrumb","itemListElement":[{"@type":"ListItem","position":1,"name":"Accueil","item":"https:\/\/www.pamq.org\/en\/"},{"@type":"ListItem","position":2,"name":"Funding"}]},{"@type":"WebSite","@id":"https:\/\/www.pamq.org\/en\/#website","url":"https:\/\/www.pamq.org\/en\/","name":"PAMQ","description":"","publisher":{"@id":"https:\/\/www.pamq.org\/en\/#organization"},"potentialAction":[{"@type":"SearchAction","target":{"@type":"EntryPoint","urlTemplate":"https:\/\/www.pamq.org\/en\/?s={search_term_string}"},"query-input":{"@type":"PropertyValueSpecification","valueRequired":true,"valueName":"search_term_string"}}],"inLanguage":"en-US"},{"@type":"Organization","@id":"https:\/\/www.pamq.org\/en\/#organization","name":"PAMQ","url":"https:\/\/www.pamq.org\/en\/","logo":{"@type":"ImageObject","inLanguage":"en-US","@id":"https:\/\/www.pamq.org\/en\/#\/schema\/logo\/image\/","url":"https:\/\/www.pamq.org\/wp-content\/uploads\/2021\/08\/logo-pamq.png","contentUrl":"https:\/\/www.pamq.org\/wp-content\/uploads\/2021\/08\/logo-pamq.png","width":244,"height":65,"caption":"PAMQ"},"image":{"@id":"https:\/\/www.pamq.org\/en\/#\/schema\/logo\/image\/"},"sameAs":["https:\/\/www.facebook.com\/santedesmds\/","https:\/\/www.linkedin.com\/company\/pamq"]}]}},"_links":{"self":[{"href":"https:\/\/www.pamq.org\/en\/wp-json\/wp\/v2\/pages\/730","targetHints":{"allow":["GET"]}}],"collection":[{"href":"https:\/\/www.pamq.org\/en\/wp-json\/wp\/v2\/pages"}],"about":[{"href":"https:\/\/www.pamq.org\/en\/wp-json\/wp\/v2\/types\/page"}],"author":[{"embeddable":true,"href":"https:\/\/www.pamq.org\/en\/wp-json\/wp\/v2\/users\/4"}],"replies":[{"embeddable":true,"href":"https:\/\/www.pamq.org\/en\/wp-json\/wp\/v2\/comments?post=730"}],"version-history":[{"count":30,"href":"https:\/\/www.pamq.org\/en\/wp-json\/wp\/v2\/pages\/730\/revisions"}],"predecessor-version":[{"id":3353,"href":"https:\/\/www.pamq.org\/en\/wp-json\/wp\/v2\/pages\/730\/revisions\/3353"}],"wp:attachment":[{"href":"https:\/\/www.pamq.org\/en\/wp-json\/wp\/v2\/media?parent=730"}],"curies":[{"name":"wp","href":"https:\/\/api.w.org\/{rel}","templated":true}]}}