{"id":744,"date":"2021-08-18T21:38:50","date_gmt":"2021-08-18T21:38:50","guid":{"rendered":"https:\/\/www.pamq.org\/our-team\/"},"modified":"2026-02-18T14:51:30","modified_gmt":"2026-02-18T19:51:30","slug":"our-team","status":"publish","type":"page","link":"https:\/\/www.pamq.org\/en\/our-team\/","title":{"rendered":"Our team"},"content":{"rendered":"\t\t<div data-elementor-type=\"wp-post\" data-elementor-id=\"744\" class=\"elementor elementor-744 elementor-233\" data-elementor-post-type=\"page\">\n\t\t\t\t\t\t<section class=\"elementor-section elementor-top-section elementor-element elementor-element-1556ab9 elementor-section-boxed elementor-section-height-default elementor-section-height-default\" data-id=\"1556ab9\" data-element_type=\"section\" data-e-type=\"section\">\n\t\t\t\t\t\t<div class=\"elementor-container elementor-column-gap-default\">\n\t\t\t\t\t<div class=\"elementor-column elementor-col-100 elementor-top-column elementor-element elementor-element-01c075f\" data-id=\"01c075f\" data-element_type=\"column\" data-e-type=\"column\">\n\t\t\t<div class=\"elementor-widget-wrap elementor-element-populated\">\n\t\t\t\t\t\t<div class=\"elementor-element elementor-element-661be0e elementor-widget elementor-widget-heading\" data-id=\"661be0e\" data-element_type=\"widget\" data-e-type=\"widget\" data-widget_type=\"heading.default\">\n\t\t\t\t<div class=\"elementor-widget-container\">\n\t\t\t\t\t<h1 class=\"elementor-heading-title elementor-size-default\">Our team<\/h1>\t\t\t\t<\/div>\n\t\t\t\t<\/div>\n\t\t\t\t\t<\/div>\n\t\t<\/div>\n\t\t\t\t\t<\/div>\n\t\t<\/section>\n\t\t\t\t<section class=\"elementor-section elementor-top-section elementor-element elementor-element-7eaf7f5 elementor-section-boxed elementor-section-height-default elementor-section-height-default\" data-id=\"7eaf7f5\" data-element_type=\"section\" data-e-type=\"section\">\n\t\t\t\t\t\t<div class=\"elementor-container elementor-column-gap-default\">\n\t\t\t\t\t<div class=\"elementor-column elementor-col-100 elementor-top-column elementor-element elementor-element-a5b12e2\" data-id=\"a5b12e2\" data-element_type=\"column\" data-e-type=\"column\">\n\t\t\t<div class=\"elementor-widget-wrap elementor-element-populated\">\n\t\t\t\t\t\t<div class=\"elementor-element elementor-element-62a193c elementor-widget elementor-widget-heading\" data-id=\"62a193c\" data-element_type=\"widget\" data-e-type=\"widget\" data-widget_type=\"heading.default\">\n\t\t\t\t<div class=\"elementor-widget-container\">\n\t\t\t\t\t<h1 class=\"elementor-heading-title elementor-size-default\">Senior Management<\/h1>\t\t\t\t<\/div>\n\t\t\t\t<\/div>\n\t\t\t\t<div class=\"elementor-element elementor-element-8260181 elementor-widget elementor-widget-text-editor\" data-id=\"8260181\" data-element_type=\"widget\" data-e-type=\"widget\" data-widget_type=\"text-editor.default\">\n\t\t\t\t<div class=\"elementor-widget-container\">\n\t\t\t\t\t\t\t\t\t<p><strong>St\u00e9phanie Froissart<\/strong><br \/>Executive Director\u00a0\u00a0<\/p>\t\t\t\t\t\t\t\t<\/div>\n\t\t\t\t<\/div>\n\t\t\t\t\t<\/div>\n\t\t<\/div>\n\t\t\t\t\t<\/div>\n\t\t<\/section>\n\t\t\t\t<section class=\"elementor-section elementor-top-section elementor-element elementor-element-e732261 elementor-section-boxed elementor-section-height-default elementor-section-height-default\" data-id=\"e732261\" data-element_type=\"section\" data-e-type=\"section\">\n\t\t\t\t\t\t<div class=\"elementor-container elementor-column-gap-default\">\n\t\t\t\t\t<div class=\"elementor-column elementor-col-100 elementor-top-column elementor-element elementor-element-6cc0b20\" data-id=\"6cc0b20\" data-element_type=\"column\" data-e-type=\"column\">\n\t\t\t<div class=\"elementor-widget-wrap elementor-element-populated\">\n\t\t\t\t\t\t<div class=\"elementor-element elementor-element-d0bd740 elementor-widget elementor-widget-heading\" data-id=\"d0bd740\" data-element_type=\"widget\" data-e-type=\"widget\" data-widget_type=\"heading.default\">\n\t\t\t\t<div class=\"elementor-widget-container\">\n\t\t\t\t\t<h1 class=\"elementor-heading-title elementor-size-default\">Finance and Administration<\/h1>\t\t\t\t<\/div>\n\t\t\t\t<\/div>\n\t\t\t\t<div class=\"elementor-element elementor-element-9af9224 elementor-widget elementor-widget-text-editor\" data-id=\"9af9224\" data-element_type=\"widget\" data-e-type=\"widget\" data-widget_type=\"text-editor.default\">\n\t\t\t\t<div class=\"elementor-widget-container\">\n\t\t\t\t\t\t\t\t\t<p><strong>Sophie Champagne\u00a0\u00a0<br \/><\/strong>Coordinator of Accounting<\/p><p><strong>Alexandra Beauchamp<br \/><\/strong>Administrative Assistant<\/p>\t\t\t\t\t\t\t\t<\/div>\n\t\t\t\t<\/div>\n\t\t\t\t\t<\/div>\n\t\t<\/div>\n\t\t\t\t\t<\/div>\n\t\t<\/section>\n\t\t\t\t<section class=\"elementor-section elementor-top-section elementor-element elementor-element-093c517 elementor-section-boxed elementor-section-height-default elementor-section-height-default\" data-id=\"093c517\" data-element_type=\"section\" data-e-type=\"section\">\n\t\t\t\t\t\t<div class=\"elementor-container elementor-column-gap-default\">\n\t\t\t\t\t<div class=\"elementor-column elementor-col-100 elementor-top-column elementor-element elementor-element-39ef9a7\" data-id=\"39ef9a7\" data-element_type=\"column\" data-e-type=\"column\">\n\t\t\t<div class=\"elementor-widget-wrap elementor-element-populated\">\n\t\t\t\t\t\t<div class=\"elementor-element elementor-element-4d4bb77 elementor-widget elementor-widget-heading\" data-id=\"4d4bb77\" data-element_type=\"widget\" data-e-type=\"widget\" data-widget_type=\"heading.default\">\n\t\t\t\t<div class=\"elementor-widget-container\">\n\t\t\t\t\t<h1 class=\"elementor-heading-title elementor-size-default\">Communications<\/h1>\t\t\t\t<\/div>\n\t\t\t\t<\/div>\n\t\t\t\t<div class=\"elementor-element elementor-element-d203991 elementor-widget elementor-widget-text-editor\" data-id=\"d203991\" data-element_type=\"widget\" data-e-type=\"widget\" data-widget_type=\"text-editor.default\">\n\t\t\t\t<div class=\"elementor-widget-container\">\n\t\t\t\t\t\t\t\t\t<p><strong>Jos\u00e9e-Rapha\u00eble Brodeur\u00a0<\/strong><br \/>Communications Officer<\/p>\t\t\t\t\t\t\t\t<\/div>\n\t\t\t\t<\/div>\n\t\t\t\t\t<\/div>\n\t\t<\/div>\n\t\t\t\t\t<\/div>\n\t\t<\/section>\n\t\t\t\t<section class=\"elementor-section elementor-top-section elementor-element elementor-element-0fda164 elementor-section-boxed elementor-section-height-default elementor-section-height-default\" data-id=\"0fda164\" data-element_type=\"section\" data-e-type=\"section\">\n\t\t\t\t\t\t<div class=\"elementor-container elementor-column-gap-default\">\n\t\t\t\t\t<div class=\"elementor-column elementor-col-100 elementor-top-column elementor-element elementor-element-934d0ba\" data-id=\"934d0ba\" data-element_type=\"column\" data-e-type=\"column\">\n\t\t\t<div class=\"elementor-widget-wrap elementor-element-populated\">\n\t\t\t\t\t\t<div class=\"elementor-element elementor-element-10e7eb1 elementor-widget elementor-widget-heading\" data-id=\"10e7eb1\" data-element_type=\"widget\" data-e-type=\"widget\" data-widget_type=\"heading.default\">\n\t\t\t\t<div class=\"elementor-widget-container\">\n\t\t\t\t\t<h1 class=\"elementor-heading-title elementor-size-default\">Department of Intervention, Prevention and Research<\/h1>\t\t\t\t<\/div>\n\t\t\t\t<\/div>\n\t\t\t\t<div class=\"elementor-element elementor-element-2311954 elementor-widget elementor-widget-text-editor\" data-id=\"2311954\" data-element_type=\"widget\" data-e-type=\"widget\" data-widget_type=\"text-editor.default\">\n\t\t\t\t<div class=\"elementor-widget-container\">\n\t\t\t\t\t\t\t\t\t<p><strong>Dr. Claude Johnson<\/strong><br \/>Physician advisor and Co-Medical Director<\/p><p><strong>Dr. Sandra Roman<\/strong><br \/>Physician advisor and Co-Medical Director<\/p><p><strong>Dr. Josiane D&#8217;Amico\u00a0<\/strong><br \/>Physician advisor and Coordinator of Intervention and Prevention<\/p><p><strong>Dr. Pascale Hudon<\/strong><br \/>Physician advisor and Coordinator of Intervention and Prevention<\/p><p><strong>R\u00e9gine Th\u00e9ra<br \/><\/strong>Liaison Officer<\/p><p><strong>Line Godin <\/strong><br \/>Receptionist<\/p><p><strong>Marie-Ga\u00eblle Kpan<br \/><\/strong>Receptionist<\/p>\t\t\t\t\t\t\t\t<\/div>\n\t\t\t\t<\/div>\n\t\t\t\t\t<\/div>\n\t\t<\/div>\n\t\t\t\t\t<\/div>\n\t\t<\/section>\n\t\t\t\t<section class=\"elementor-section elementor-top-section elementor-element elementor-element-bdf7024 elementor-section-boxed elementor-section-height-default elementor-section-height-default\" data-id=\"bdf7024\" data-element_type=\"section\" data-e-type=\"section\">\n\t\t\t\t\t\t<div class=\"elementor-container elementor-column-gap-default\">\n\t\t\t\t\t<div class=\"elementor-column elementor-col-100 elementor-top-column elementor-element elementor-element-9092db4\" data-id=\"9092db4\" data-element_type=\"column\" data-e-type=\"column\">\n\t\t\t<div class=\"elementor-widget-wrap elementor-element-populated\">\n\t\t\t\t\t\t<div class=\"elementor-element elementor-element-c1ba5b4 elementor-widget elementor-widget-heading\" data-id=\"c1ba5b4\" data-element_type=\"widget\" data-e-type=\"widget\" data-widget_type=\"heading.default\">\n\t\t\t\t<div class=\"elementor-widget-container\">\n\t\t\t\t\t<h1 class=\"elementor-heading-title elementor-size-default\">Physician advisors<\/h1>\t\t\t\t<\/div>\n\t\t\t\t<\/div>\n\t\t\t\t\t<\/div>\n\t\t<\/div>\n\t\t\t\t\t<\/div>\n\t\t<\/section>\n\t\t\t\t<section class=\"elementor-section elementor-top-section elementor-element elementor-element-7efa237 elementor-section-boxed elementor-section-height-default elementor-section-height-default\" data-id=\"7efa237\" data-element_type=\"section\" data-e-type=\"section\">\n\t\t\t\t\t\t<div class=\"elementor-container elementor-column-gap-default\">\n\t\t\t\t\t<div class=\"elementor-column elementor-col-25 elementor-top-column elementor-element elementor-element-da26d14\" data-id=\"da26d14\" data-element_type=\"column\" data-e-type=\"column\">\n\t\t\t<div class=\"elementor-widget-wrap elementor-element-populated\">\n\t\t\t\t\t\t<div class=\"elementor-element elementor-element-b1594b9 elementor-widget elementor-widget-text-editor\" data-id=\"b1594b9\" data-element_type=\"widget\" data-e-type=\"widget\" data-widget_type=\"text-editor.default\">\n\t\t\t\t<div class=\"elementor-widget-container\">\n\t\t\t\t\t\t\t\t\t<p><strong>Dr. Marie-Alice Audet-Casgrain<br \/>Dr. Karine Boucher<br \/>Dr. Mendy C\u00f4t\u00e9<br \/>Dr. Philippe Demers<br \/>Dr. Sofia El Kahel<\/strong><br \/><strong>Dr. Christiane Lantagne<\/strong><\/p>\t\t\t\t\t\t\t\t<\/div>\n\t\t\t\t<\/div>\n\t\t\t\t\t<\/div>\n\t\t<\/div>\n\t\t\t\t<div class=\"elementor-column elementor-col-25 elementor-top-column elementor-element elementor-element-a4a7340\" data-id=\"a4a7340\" data-element_type=\"column\" data-e-type=\"column\">\n\t\t\t<div class=\"elementor-widget-wrap elementor-element-populated\">\n\t\t\t\t\t\t<div class=\"elementor-element elementor-element-dd457d3 elementor-widget elementor-widget-text-editor\" data-id=\"dd457d3\" data-element_type=\"widget\" data-e-type=\"widget\" data-widget_type=\"text-editor.default\">\n\t\t\t\t<div class=\"elementor-widget-container\">\n\t\t\t\t\t\t\t\t\t<p><strong>Dr. Alexandre Ouellet<br \/>Dr. Marie-Chantal Pich\u00e9<br \/>Dr.<sup>\u00a0<\/sup>Jos\u00e9e Provencher<br \/><\/strong><strong>Dr. Sylvie Rh\u00e9aume<\/strong><br \/><strong>Dr. Yves Tremblay<\/strong><br \/><br \/><\/p>\t\t\t\t\t\t\t\t<\/div>\n\t\t\t\t<\/div>\n\t\t\t\t\t<\/div>\n\t\t<\/div>\n\t\t\t\t<div class=\"elementor-column elementor-col-25 elementor-top-column elementor-element elementor-element-f3e1ad1\" data-id=\"f3e1ad1\" data-element_type=\"column\" data-e-type=\"column\">\n\t\t\t<div class=\"elementor-widget-wrap\">\n\t\t\t\t\t\t\t<\/div>\n\t\t<\/div>\n\t\t\t\t<div class=\"elementor-column elementor-col-25 elementor-top-column elementor-element elementor-element-dee0851\" data-id=\"dee0851\" data-element_type=\"column\" data-e-type=\"column\">\n\t\t\t<div class=\"elementor-widget-wrap\">\n\t\t\t\t\t\t\t<\/div>\n\t\t<\/div>\n\t\t\t\t\t<\/div>\n\t\t<\/section>\n\t\t\t\t<section class=\"elementor-section elementor-top-section elementor-element elementor-element-116ba8c elementor-section-boxed elementor-section-height-default elementor-section-height-default\" data-id=\"116ba8c\" data-element_type=\"section\" data-e-type=\"section\">\n\t\t\t\t\t\t<div class=\"elementor-container elementor-column-gap-default\">\n\t\t\t\t\t<div class=\"elementor-column elementor-col-100 elementor-top-column elementor-element elementor-element-310d889\" data-id=\"310d889\" data-element_type=\"column\" data-e-type=\"column\">\n\t\t\t<div class=\"elementor-widget-wrap elementor-element-populated\">\n\t\t\t\t\t\t<div class=\"elementor-element elementor-element-63fcfe8 elementor-absolute elementor-widget elementor-widget-image\" data-id=\"63fcfe8\" data-element_type=\"widget\" data-e-type=\"widget\" data-settings=\"{&quot;_position&quot;:&quot;absolute&quot;}\" data-widget_type=\"image.default\">\n\t\t\t\t<div class=\"elementor-widget-container\">\n\t\t\t\t\t\t\t\t\t\t\t\t\t\t\t<img fetchpriority=\"high\" decoding=\"async\" width=\"5717\" height=\"304\" src=\"https:\/\/www.pamq.org\/wp-content\/uploads\/2021\/08\/Illustration-2.svg\" class=\"attachment-large size-large wp-image-383\" alt=\"\" \/>\t\t\t\t\t\t\t\t\t\t\t\t\t\t\t<\/div>\n\t\t\t\t<\/div>\n\t\t\t\t\t<\/div>\n\t\t<\/div>\n\t\t\t\t\t<\/div>\n\t\t<\/section>\n\t\t\t\t<section class=\"elementor-section elementor-top-section elementor-element elementor-element-d366be8 elementor-section-boxed elementor-section-height-default elementor-section-height-default\" data-id=\"d366be8\" data-element_type=\"section\" data-e-type=\"section\">\n\t\t\t\t\t\t<div class=\"elementor-container elementor-column-gap-default\">\n\t\t\t\t\t<div class=\"elementor-column elementor-col-100 elementor-top-column elementor-element elementor-element-b934004\" data-id=\"b934004\" data-element_type=\"column\" data-e-type=\"column\">\n\t\t\t<div class=\"elementor-widget-wrap elementor-element-populated\">\n\t\t\t\t\t\t<div class=\"elementor-element elementor-element-5490c27 elementor-widget elementor-widget-heading\" data-id=\"5490c27\" data-element_type=\"widget\" data-e-type=\"widget\" data-widget_type=\"heading.default\">\n\t\t\t\t<div class=\"elementor-widget-container\">\n\t\t\t\t\t<h1 class=\"elementor-heading-title elementor-size-default\">PAMQ Board of Directors<\/h1>\t\t\t\t<\/div>\n\t\t\t\t<\/div>\n\t\t\t\t<div class=\"elementor-element elementor-element-62a0631 elementor-widget elementor-widget-text-editor\" data-id=\"62a0631\" data-element_type=\"widget\" data-e-type=\"widget\" data-widget_type=\"text-editor.default\">\n\t\t\t\t<div class=\"elementor-widget-container\">\n\t\t\t\t\t\t\t\t\t<p><strong>Dr. Alain Bestavros, <\/strong><strong>Chair<br \/><\/strong>Advisor, Board of Directors, F\u00e9d\u00e9ration des m\u00e9decins sp\u00e9cialistes du Qu\u00e9bec<\/p><p><strong>Dr. Jacques G. Bergeron, Vice Chair<\/strong><strong><br \/><\/strong>Appointed member, Board of Directors, F\u00e9d\u00e9ration des m\u00e9decins omnipraticiens du Qu\u00e9bec<\/p><p><strong>Dr. Karine Igartua <br \/><\/strong>Advisor, Board of Directors, F\u00e9d\u00e9ration des m\u00e9decins sp\u00e9cialistes du Qu\u00e9bec<\/p><p><strong>Dr. Darya S. Jalaledin<\/strong><br \/>Vice President, F\u00e9d\u00e9ration des m\u00e9decins r\u00e9sident\u00b7e\u00b7s du Qu\u00e9bec<\/p><p><strong>Nicole Parent<br \/><\/strong>Executive Director, M\u00e9decins francophones du Canada<\/p><p><strong>Dr. Pascal Renaud, Secretary-Treasurer<br \/><\/strong><span class=\"ui-provider a b c d e f g h i j k l m n o p q r s t u v w x y z ab ac ae af ag ah ai aj ak\" dir=\"ltr\">Secretary-Treasurer<\/span>, Board of Directors, F\u00e9d\u00e9ration des omnipraticiens du Qu\u00e9bec<\/p><p><span class=\"ui-provider a b c d e f g h i j k l m n o p q r s t u v w x y z ab ac ae af ag ah ai aj ak\" dir=\"ltr\"><strong>Me Patrice Savignac Dufour<\/strong><strong><br \/><\/strong>Executive Director, F\u00e9d\u00e9ration des m\u00e9decins r\u00e9sident\u00b7e\u00b7s du Qu\u00e9bec<\/span><\/p>\t\t\t\t\t\t\t\t<\/div>\n\t\t\t\t<\/div>\n\t\t\t\t\t<\/div>\n\t\t<\/div>\n\t\t\t\t\t<\/div>\n\t\t<\/section>\n\t\t\t\t<\/div>\n\t\t","protected":false},"excerpt":{"rendered":"<p>Our team Senior Management St\u00e9phanie FroissartExecutive Director\u00a0\u00a0 Finance and Administration Sophie Champagne\u00a0\u00a0Coordinator of Accounting Alexandra BeauchampAdministrative Assistant Communications Jos\u00e9e-Rapha\u00eble Brodeur\u00a0Communications Officer Department of Intervention, Prevention and Research Dr. Claude JohnsonPhysician advisor and Co-Medical Director Dr. Sandra RomanPhysician advisor and Co-Medical Director Dr. Josiane D&#8217;Amico\u00a0Physician advisor and Coordinator of Intervention and Prevention Dr. Pascale HudonPhysician advisor [&hellip;]<\/p>\n","protected":false},"author":4,"featured_media":0,"parent":0,"menu_order":0,"comment_status":"closed","ping_status":"closed","template":"","meta":{"footnotes":"","_links_to":"","_links_to_target":""},"class_list":["post-744","page","type-page","status-publish","hentry"],"yoast_head":"<!-- This site is optimized with the Yoast SEO plugin v27.1.1 - https:\/\/yoast.com\/product\/yoast-seo-wordpress\/ -->\n<title>Our team - PAMQ<\/title>\n<meta name=\"robots\" content=\"index, follow, max-snippet:-1, max-image-preview:large, max-video-preview:-1\" \/>\n<link rel=\"canonical\" href=\"https:\/\/www.pamq.org\/en\/our-team\/\" \/>\n<meta property=\"og:locale\" content=\"en_US\" \/>\n<meta property=\"og:type\" content=\"article\" \/>\n<meta property=\"og:title\" content=\"Our team - PAMQ\" \/>\n<meta property=\"og:description\" content=\"Our team Senior Management St\u00e9phanie FroissartExecutive Director\u00a0\u00a0 Finance and Administration Sophie Champagne\u00a0\u00a0Coordinator of Accounting Alexandra BeauchampAdministrative Assistant Communications Jos\u00e9e-Rapha\u00eble Brodeur\u00a0Communications Officer Department of Intervention, Prevention and Research Dr. Claude JohnsonPhysician advisor and Co-Medical Director Dr. Sandra RomanPhysician advisor and Co-Medical Director Dr. Josiane D&#8217;Amico\u00a0Physician advisor and Coordinator of Intervention and Prevention Dr. Pascale HudonPhysician advisor [&hellip;]\" \/>\n<meta property=\"og:url\" content=\"https:\/\/www.pamq.org\/en\/our-team\/\" \/>\n<meta property=\"og:site_name\" content=\"PAMQ\" \/>\n<meta property=\"article:publisher\" content=\"https:\/\/www.facebook.com\/santedesmds\/\" \/>\n<meta property=\"article:modified_time\" content=\"2026-02-18T19:51:30+00:00\" \/>\n<meta property=\"og:image\" content=\"https:\/\/www.pamq.org\/wp-content\/uploads\/2022\/03\/PAMQ_FB1200x360-02-scaled.jpg\" \/>\n\t<meta property=\"og:image:width\" content=\"2560\" \/>\n\t<meta property=\"og:image:height\" content=\"1344\" \/>\n\t<meta property=\"og:image:type\" content=\"image\/jpeg\" \/>\n<meta name=\"twitter:card\" content=\"summary_large_image\" \/>\n<meta name=\"twitter:label1\" content=\"Est. reading time\" \/>\n\t<meta name=\"twitter:data1\" content=\"2 minutes\" \/>\n<script type=\"application\/ld+json\" class=\"yoast-schema-graph\">{\"@context\":\"https:\/\/schema.org\",\"@graph\":[{\"@type\":\"WebPage\",\"@id\":\"https:\/\/www.pamq.org\/en\/our-team\/\",\"url\":\"https:\/\/www.pamq.org\/en\/our-team\/\",\"name\":\"Our team - PAMQ\",\"isPartOf\":{\"@id\":\"https:\/\/www.pamq.org\/en\/#website\"},\"primaryImageOfPage\":{\"@id\":\"https:\/\/www.pamq.org\/en\/our-team\/#primaryimage\"},\"image\":{\"@id\":\"https:\/\/www.pamq.org\/en\/our-team\/#primaryimage\"},\"thumbnailUrl\":\"https:\/\/www.pamq.org\/wp-content\/uploads\/2021\/08\/Illustration-2.svg\",\"datePublished\":\"2021-08-18T21:38:50+00:00\",\"dateModified\":\"2026-02-18T19:51:30+00:00\",\"breadcrumb\":{\"@id\":\"https:\/\/www.pamq.org\/en\/our-team\/#breadcrumb\"},\"inLanguage\":\"en-US\",\"potentialAction\":[{\"@type\":\"ReadAction\",\"target\":[\"https:\/\/www.pamq.org\/en\/our-team\/\"]}]},{\"@type\":\"ImageObject\",\"inLanguage\":\"en-US\",\"@id\":\"https:\/\/www.pamq.org\/en\/our-team\/#primaryimage\",\"url\":\"https:\/\/www.pamq.org\/wp-content\/uploads\/2021\/08\/Illustration-2.svg\",\"contentUrl\":\"https:\/\/www.pamq.org\/wp-content\/uploads\/2021\/08\/Illustration-2.svg\"},{\"@type\":\"BreadcrumbList\",\"@id\":\"https:\/\/www.pamq.org\/en\/our-team\/#breadcrumb\",\"itemListElement\":[{\"@type\":\"ListItem\",\"position\":1,\"name\":\"Accueil\",\"item\":\"https:\/\/www.pamq.org\/en\/\"},{\"@type\":\"ListItem\",\"position\":2,\"name\":\"Our team\"}]},{\"@type\":\"WebSite\",\"@id\":\"https:\/\/www.pamq.org\/en\/#website\",\"url\":\"https:\/\/www.pamq.org\/en\/\",\"name\":\"PAMQ\",\"description\":\"\",\"publisher\":{\"@id\":\"https:\/\/www.pamq.org\/en\/#organization\"},\"potentialAction\":[{\"@type\":\"SearchAction\",\"target\":{\"@type\":\"EntryPoint\",\"urlTemplate\":\"https:\/\/www.pamq.org\/en\/?s={search_term_string}\"},\"query-input\":{\"@type\":\"PropertyValueSpecification\",\"valueRequired\":true,\"valueName\":\"search_term_string\"}}],\"inLanguage\":\"en-US\"},{\"@type\":\"Organization\",\"@id\":\"https:\/\/www.pamq.org\/en\/#organization\",\"name\":\"PAMQ\",\"url\":\"https:\/\/www.pamq.org\/en\/\",\"logo\":{\"@type\":\"ImageObject\",\"inLanguage\":\"en-US\",\"@id\":\"https:\/\/www.pamq.org\/en\/#\/schema\/logo\/image\/\",\"url\":\"https:\/\/www.pamq.org\/wp-content\/uploads\/2021\/08\/logo-pamq.png\",\"contentUrl\":\"https:\/\/www.pamq.org\/wp-content\/uploads\/2021\/08\/logo-pamq.png\",\"width\":244,\"height\":65,\"caption\":\"PAMQ\"},\"image\":{\"@id\":\"https:\/\/www.pamq.org\/en\/#\/schema\/logo\/image\/\"},\"sameAs\":[\"https:\/\/www.facebook.com\/santedesmds\/\",\"https:\/\/www.linkedin.com\/company\/pamq\"]}]}<\/script>\n<!-- \/ Yoast SEO plugin. -->","yoast_head_json":{"title":"Our team - PAMQ","robots":{"index":"index","follow":"follow","max-snippet":"max-snippet:-1","max-image-preview":"max-image-preview:large","max-video-preview":"max-video-preview:-1"},"canonical":"https:\/\/www.pamq.org\/en\/our-team\/","og_locale":"en_US","og_type":"article","og_title":"Our team - PAMQ","og_description":"Our team Senior Management St\u00e9phanie FroissartExecutive Director\u00a0\u00a0 Finance and Administration Sophie Champagne\u00a0\u00a0Coordinator of Accounting Alexandra BeauchampAdministrative Assistant Communications Jos\u00e9e-Rapha\u00eble Brodeur\u00a0Communications Officer Department of Intervention, Prevention and Research Dr. Claude JohnsonPhysician advisor and Co-Medical Director Dr. Sandra RomanPhysician advisor and Co-Medical Director Dr. Josiane D&#8217;Amico\u00a0Physician advisor and Coordinator of Intervention and Prevention Dr. Pascale HudonPhysician advisor [&hellip;]","og_url":"https:\/\/www.pamq.org\/en\/our-team\/","og_site_name":"PAMQ","article_publisher":"https:\/\/www.facebook.com\/santedesmds\/","article_modified_time":"2026-02-18T19:51:30+00:00","og_image":[{"width":2560,"height":1344,"url":"https:\/\/www.pamq.org\/wp-content\/uploads\/2022\/03\/PAMQ_FB1200x360-02-scaled.jpg","type":"image\/jpeg"}],"twitter_card":"summary_large_image","twitter_misc":{"Est. reading time":"2 minutes"},"schema":{"@context":"https:\/\/schema.org","@graph":[{"@type":"WebPage","@id":"https:\/\/www.pamq.org\/en\/our-team\/","url":"https:\/\/www.pamq.org\/en\/our-team\/","name":"Our team - PAMQ","isPartOf":{"@id":"https:\/\/www.pamq.org\/en\/#website"},"primaryImageOfPage":{"@id":"https:\/\/www.pamq.org\/en\/our-team\/#primaryimage"},"image":{"@id":"https:\/\/www.pamq.org\/en\/our-team\/#primaryimage"},"thumbnailUrl":"https:\/\/www.pamq.org\/wp-content\/uploads\/2021\/08\/Illustration-2.svg","datePublished":"2021-08-18T21:38:50+00:00","dateModified":"2026-02-18T19:51:30+00:00","breadcrumb":{"@id":"https:\/\/www.pamq.org\/en\/our-team\/#breadcrumb"},"inLanguage":"en-US","potentialAction":[{"@type":"ReadAction","target":["https:\/\/www.pamq.org\/en\/our-team\/"]}]},{"@type":"ImageObject","inLanguage":"en-US","@id":"https:\/\/www.pamq.org\/en\/our-team\/#primaryimage","url":"https:\/\/www.pamq.org\/wp-content\/uploads\/2021\/08\/Illustration-2.svg","contentUrl":"https:\/\/www.pamq.org\/wp-content\/uploads\/2021\/08\/Illustration-2.svg"},{"@type":"BreadcrumbList","@id":"https:\/\/www.pamq.org\/en\/our-team\/#breadcrumb","itemListElement":[{"@type":"ListItem","position":1,"name":"Accueil","item":"https:\/\/www.pamq.org\/en\/"},{"@type":"ListItem","position":2,"name":"Our team"}]},{"@type":"WebSite","@id":"https:\/\/www.pamq.org\/en\/#website","url":"https:\/\/www.pamq.org\/en\/","name":"PAMQ","description":"","publisher":{"@id":"https:\/\/www.pamq.org\/en\/#organization"},"potentialAction":[{"@type":"SearchAction","target":{"@type":"EntryPoint","urlTemplate":"https:\/\/www.pamq.org\/en\/?s={search_term_string}"},"query-input":{"@type":"PropertyValueSpecification","valueRequired":true,"valueName":"search_term_string"}}],"inLanguage":"en-US"},{"@type":"Organization","@id":"https:\/\/www.pamq.org\/en\/#organization","name":"PAMQ","url":"https:\/\/www.pamq.org\/en\/","logo":{"@type":"ImageObject","inLanguage":"en-US","@id":"https:\/\/www.pamq.org\/en\/#\/schema\/logo\/image\/","url":"https:\/\/www.pamq.org\/wp-content\/uploads\/2021\/08\/logo-pamq.png","contentUrl":"https:\/\/www.pamq.org\/wp-content\/uploads\/2021\/08\/logo-pamq.png","width":244,"height":65,"caption":"PAMQ"},"image":{"@id":"https:\/\/www.pamq.org\/en\/#\/schema\/logo\/image\/"},"sameAs":["https:\/\/www.facebook.com\/santedesmds\/","https:\/\/www.linkedin.com\/company\/pamq"]}]}},"_links":{"self":[{"href":"https:\/\/www.pamq.org\/en\/wp-json\/wp\/v2\/pages\/744","targetHints":{"allow":["GET"]}}],"collection":[{"href":"https:\/\/www.pamq.org\/en\/wp-json\/wp\/v2\/pages"}],"about":[{"href":"https:\/\/www.pamq.org\/en\/wp-json\/wp\/v2\/types\/page"}],"author":[{"embeddable":true,"href":"https:\/\/www.pamq.org\/en\/wp-json\/wp\/v2\/users\/4"}],"replies":[{"embeddable":true,"href":"https:\/\/www.pamq.org\/en\/wp-json\/wp\/v2\/comments?post=744"}],"version-history":[{"count":133,"href":"https:\/\/www.pamq.org\/en\/wp-json\/wp\/v2\/pages\/744\/revisions"}],"predecessor-version":[{"id":5675,"href":"https:\/\/www.pamq.org\/en\/wp-json\/wp\/v2\/pages\/744\/revisions\/5675"}],"wp:attachment":[{"href":"https:\/\/www.pamq.org\/en\/wp-json\/wp\/v2\/media?parent=744"}],"curies":[{"name":"wp","href":"https:\/\/api.w.org\/{rel}","templated":true}]}}